{"id":58,"date":"2021-10-27T10:03:01","date_gmt":"2021-10-27T08:03:01","guid":{"rendered":"https:\/\/bvm.nrw\/?page_id=58"},"modified":"2025-04-30T00:42:45","modified_gmt":"2025-04-29T22:42:45","slug":"vorstand","status":"publish","type":"page","link":"https:\/\/vorgebirgsmusikanten.de\/?page_id=58","title":{"rendered":"Die Mitglieder des Vorstands"},"content":{"rendered":"\n<div class=\"wp-block-columns is-layout-flex wp-container-core-columns-is-layout-28f84493 wp-block-columns-is-layout-flex\">\n<div class=\"wp-block-column is-layout-flow wp-block-column-is-layout-flow\" style=\"flex-basis:33.33%\">\n<p><strong>1. Vorsitzender<\/strong><\/p>\n\n\n\n<figure class=\"wp-block-image size-full\"><img loading=\"lazy\" decoding=\"async\" width=\"460\" height=\"650\" src=\"https:\/\/vorgebirgsmusikanten.de\/wp-content\/uploads\/2025\/01\/RalphHabeth.jpg\" alt=\"\" class=\"wp-image-1281\" srcset=\"https:\/\/vorgebirgsmusikanten.de\/wp-content\/uploads\/2025\/01\/RalphHabeth.jpg 460w, https:\/\/vorgebirgsmusikanten.de\/wp-content\/uploads\/2025\/01\/RalphHabeth-212x300.jpg 212w, https:\/\/vorgebirgsmusikanten.de\/wp-content\/uploads\/2025\/01\/RalphHabeth-106x150.jpg 106w\" sizes=\"auto, (max-width: 460px) 100vw, 460px\" \/><\/figure>\n<\/div>\n\n\n\n<div class=\"wp-block-column is-vertically-aligned-bottom is-layout-flow wp-block-column-is-layout-flow\" style=\"flex-basis:66.66%\">\n<p>Ralph Habeth<br>Hellstra\u00dfe 9a<br>53332 Bornheim<br>Tel. 0 22 22 \/ 65 444<br>Fax. 0 22 22 \/ 99 30 73&nbsp;&nbsp;<a href=\"mailto:habeth@vorgebirgsmusikanten.de\">eMail<\/a><\/p>\n<\/div>\n<\/div>\n\n\n\n<div class=\"wp-block-columns is-layout-flex wp-container-core-columns-is-layout-28f84493 wp-block-columns-is-layout-flex\">\n<div class=\"wp-block-column is-layout-flow wp-block-column-is-layout-flow\" style=\"flex-basis:33.33%\">\n<p><br><strong>1. Schatzmeister &amp; Vermietungsorganisation<\/strong><\/p>\n\n\n\n<figure class=\"wp-block-image size-full\"><img loading=\"lazy\" decoding=\"async\" width=\"460\" height=\"650\" src=\"https:\/\/vorgebirgsmusikanten.de\/wp-content\/uploads\/2025\/01\/JoergBrandenburg.jpg\" alt=\"\" class=\"wp-image-1283\" srcset=\"https:\/\/vorgebirgsmusikanten.de\/wp-content\/uploads\/2025\/01\/JoergBrandenburg.jpg 460w, https:\/\/vorgebirgsmusikanten.de\/wp-content\/uploads\/2025\/01\/JoergBrandenburg-212x300.jpg 212w, https:\/\/vorgebirgsmusikanten.de\/wp-content\/uploads\/2025\/01\/JoergBrandenburg-106x150.jpg 106w\" sizes=\"auto, (max-width: 460px) 100vw, 460px\" \/><\/figure>\n<\/div>\n\n\n\n<div class=\"wp-block-column is-vertically-aligned-bottom is-layout-flow wp-block-column-is-layout-flow\" style=\"flex-basis:66.66%\">\n<p id=\"vermietung\"> <br> <br> <br> <br> <\/p>\n\n\n\n<p><strong>Vermietungsanfragen (Werktags bitte ab 16:45 Uhr)<\/strong><\/p>\n\n\n\n<p><\/p>\n\n\n\n<p>J\u00f6rg Brandenburg<br>R\u00f6merstra\u00dfe 58<br>53332 Bornheim<br>Tel. 01 77 \/ 1 68 91 57 <strong>(Werktags bitte ab 16:45 Uhr)<\/strong><br><a href=\"mailto:brandenburg@vorgebirgsmusikanten.de\">eMail<\/a><\/p>\n<\/div>\n<\/div>\n\n\n\n<div class=\"wp-block-columns is-layout-flex wp-container-core-columns-is-layout-28f84493 wp-block-columns-is-layout-flex\">\n<div class=\"wp-block-column is-layout-flow wp-block-column-is-layout-flow\" style=\"flex-basis:33.33%\">\n<p><br><strong>1. Schriftf\u00fchrer<\/strong><\/p>\n\n\n\n<figure class=\"wp-block-image size-full\"><img loading=\"lazy\" decoding=\"async\" width=\"460\" height=\"650\" src=\"https:\/\/vorgebirgsmusikanten.de\/wp-content\/uploads\/2025\/01\/WernerMuhr.jpg\" alt=\"\" class=\"wp-image-1282\" srcset=\"https:\/\/vorgebirgsmusikanten.de\/wp-content\/uploads\/2025\/01\/WernerMuhr.jpg 460w, https:\/\/vorgebirgsmusikanten.de\/wp-content\/uploads\/2025\/01\/WernerMuhr-212x300.jpg 212w, https:\/\/vorgebirgsmusikanten.de\/wp-content\/uploads\/2025\/01\/WernerMuhr-106x150.jpg 106w\" sizes=\"auto, (max-width: 460px) 100vw, 460px\" \/><\/figure>\n<\/div>\n\n\n\n<div class=\"wp-block-column is-vertically-aligned-bottom is-layout-flow wp-block-column-is-layout-flow\" style=\"flex-basis:66.66%\">\n<p>Werner Muhr<br>Lenaustra\u00dfe 19<br>53332 Bornheim<br>Tel.\/Fax 0 22 22 \/ 6 35 35&nbsp;&nbsp;<a href=\"mailto:muhr@vorgebirgsmusikanten.de\">eMail<\/a><\/p>\n<\/div>\n<\/div>\n\n\n\n<div class=\"wp-block-columns is-layout-flex wp-container-core-columns-is-layout-28f84493 wp-block-columns-is-layout-flex\">\n<div class=\"wp-block-column is-layout-flow wp-block-column-is-layout-flow\" style=\"flex-basis:33.33%\">\n<p><br><strong>2. Vorsitzender<\/strong><\/p>\n\n\n\n<figure class=\"wp-block-image size-full\"><img loading=\"lazy\" decoding=\"async\" width=\"460\" height=\"650\" src=\"https:\/\/vorgebirgsmusikanten.de\/wp-content\/uploads\/2025\/01\/JuergenNickisch.jpg\" alt=\"\" class=\"wp-image-1287\" srcset=\"https:\/\/vorgebirgsmusikanten.de\/wp-content\/uploads\/2025\/01\/JuergenNickisch.jpg 460w, https:\/\/vorgebirgsmusikanten.de\/wp-content\/uploads\/2025\/01\/JuergenNickisch-212x300.jpg 212w, https:\/\/vorgebirgsmusikanten.de\/wp-content\/uploads\/2025\/01\/JuergenNickisch-106x150.jpg 106w\" sizes=\"auto, (max-width: 460px) 100vw, 460px\" \/><\/figure>\n<\/div>\n\n\n\n<div class=\"wp-block-column is-vertically-aligned-bottom is-layout-flow wp-block-column-is-layout-flow\" style=\"flex-basis:66.66%\">\n<p>J\u00fcrgen Nickisch<br>Hebbelstra\u00dfe 15<br>533332 Bornheim<br>Tel. 01 71 \/ 5 45 00 01\u00a0\u00a0<a href=\"mailto:nickisch@vorgebirgsmusikanten.de\">eMail<\/a><\/p>\n<\/div>\n<\/div>\n\n\n\n<div class=\"wp-block-columns is-layout-flex wp-container-core-columns-is-layout-28f84493 wp-block-columns-is-layout-flex\">\n<div class=\"wp-block-column is-layout-flow wp-block-column-is-layout-flow\" style=\"flex-basis:33.33%\">\n<p><br><strong>2. Schatzmeister<\/strong><\/p>\n\n\n\n<figure class=\"wp-block-image size-full\"><img loading=\"lazy\" decoding=\"async\" width=\"460\" height=\"650\" src=\"https:\/\/vorgebirgsmusikanten.de\/wp-content\/uploads\/2025\/01\/MarcHabeth.jpg\" alt=\"\" class=\"wp-image-1286\" srcset=\"https:\/\/vorgebirgsmusikanten.de\/wp-content\/uploads\/2025\/01\/MarcHabeth.jpg 460w, https:\/\/vorgebirgsmusikanten.de\/wp-content\/uploads\/2025\/01\/MarcHabeth-212x300.jpg 212w, https:\/\/vorgebirgsmusikanten.de\/wp-content\/uploads\/2025\/01\/MarcHabeth-106x150.jpg 106w\" sizes=\"auto, (max-width: 460px) 100vw, 460px\" \/><\/figure>\n<\/div>\n\n\n\n<div class=\"wp-block-column is-vertically-aligned-bottom is-layout-flow wp-block-column-is-layout-flow\" style=\"flex-basis:66.66%\">\n<p>Marc Habeth<br>Hellstra\u00dfe 9a<br>53332 Bornheim<br>Tel. 0 22 22 \/ 65 444<br>Fax. 0 22 22 \/ 99 30 73<\/p>\n<\/div>\n<\/div>\n\n\n\n<div class=\"wp-block-columns is-layout-flex wp-container-core-columns-is-layout-28f84493 wp-block-columns-is-layout-flex\">\n<div class=\"wp-block-column is-layout-flow wp-block-column-is-layout-flow\" style=\"flex-basis:33.33%\">\n<p><br><strong>2. Schriftf\u00fchrerin<\/strong><\/p>\n\n\n\n<figure class=\"wp-block-image size-full\"><img loading=\"lazy\" decoding=\"async\" width=\"460\" height=\"650\" src=\"https:\/\/vorgebirgsmusikanten.de\/wp-content\/uploads\/2025\/01\/SabrinaNawroki.jpg\" alt=\"\" class=\"wp-image-1289\" srcset=\"https:\/\/vorgebirgsmusikanten.de\/wp-content\/uploads\/2025\/01\/SabrinaNawroki.jpg 460w, https:\/\/vorgebirgsmusikanten.de\/wp-content\/uploads\/2025\/01\/SabrinaNawroki-212x300.jpg 212w, https:\/\/vorgebirgsmusikanten.de\/wp-content\/uploads\/2025\/01\/SabrinaNawroki-106x150.jpg 106w\" sizes=\"auto, (max-width: 460px) 100vw, 460px\" \/><\/figure>\n<\/div>\n\n\n\n<div class=\"wp-block-column is-vertically-aligned-bottom is-layout-flow wp-block-column-is-layout-flow\" style=\"flex-basis:66.66%\">\n<p>Sabrina Nawrocki<br>Ahrstra\u00dfe 3<br>53913 Swistal-Heimerzheim<br>Tel. 0 22 54 \/ 83 66 32&nbsp;&nbsp;<a href=\"mailto:nawrocki@vorgebirgsmusikanten.de\">eMail<\/a><\/p>\n<\/div>\n<\/div>\n\n\n\n<div class=\"wp-block-columns is-layout-flex wp-container-core-columns-is-layout-28f84493 wp-block-columns-is-layout-flex\">\n<div class=\"wp-block-column is-layout-flow wp-block-column-is-layout-flow\" style=\"flex-basis:33.33%\">\n<p><br><strong><strong>Notenwart<\/strong><\/strong><\/p>\n\n\n\n<figure class=\"wp-block-image size-full\"><img loading=\"lazy\" decoding=\"async\" width=\"460\" height=\"650\" src=\"https:\/\/vorgebirgsmusikanten.de\/wp-content\/uploads\/2025\/01\/ChristianGrahn.jpg\" alt=\"\" class=\"wp-image-1280\" srcset=\"https:\/\/vorgebirgsmusikanten.de\/wp-content\/uploads\/2025\/01\/ChristianGrahn.jpg 460w, https:\/\/vorgebirgsmusikanten.de\/wp-content\/uploads\/2025\/01\/ChristianGrahn-212x300.jpg 212w, https:\/\/vorgebirgsmusikanten.de\/wp-content\/uploads\/2025\/01\/ChristianGrahn-106x150.jpg 106w\" sizes=\"auto, (max-width: 460px) 100vw, 460px\" \/><\/figure>\n<\/div>\n\n\n\n<div class=\"wp-block-column is-vertically-aligned-bottom is-layout-flow wp-block-column-is-layout-flow\" style=\"flex-basis:66.66%\">\n<p>Christian Grahn<br>M\u00fcnstergarten 79<br>53332 Bornheim<br><a href=\"mailto:grahn@vorgebirgsmusikanten.de\">eMail<\/a><\/p>\n<\/div>\n<\/div>\n\n\n\n<div class=\"wp-block-columns is-layout-flex wp-container-core-columns-is-layout-28f84493 wp-block-columns-is-layout-flex\">\n<div class=\"wp-block-column is-layout-flow wp-block-column-is-layout-flow\" style=\"flex-basis:33.33%\">\n<p><br><strong>Jugendwart &amp; Musikalische Ausbildung<\/strong><\/p>\n\n\n\n<figure class=\"wp-block-image size-full\"><img loading=\"lazy\" decoding=\"async\" width=\"460\" height=\"650\" src=\"https:\/\/vorgebirgsmusikanten.de\/wp-content\/uploads\/2025\/01\/TimHenseler.jpg\" alt=\"\" class=\"wp-image-1279\" srcset=\"https:\/\/vorgebirgsmusikanten.de\/wp-content\/uploads\/2025\/01\/TimHenseler.jpg 460w, https:\/\/vorgebirgsmusikanten.de\/wp-content\/uploads\/2025\/01\/TimHenseler-212x300.jpg 212w, https:\/\/vorgebirgsmusikanten.de\/wp-content\/uploads\/2025\/01\/TimHenseler-106x150.jpg 106w\" sizes=\"auto, (max-width: 460px) 100vw, 460px\" \/><\/figure>\n<\/div>\n\n\n\n<div class=\"wp-block-column is-vertically-aligned-bottom is-layout-flow wp-block-column-is-layout-flow\" style=\"flex-basis:66.66%\">\n<p>Tim Henseler<br>L\u00fccherweg&nbsp;16<br>53332 Bornheim<br>Tel. 0 22 27 \/ 92 63 96<\/p>\n<\/div>\n<\/div>\n\n\n\n<div class=\"wp-block-columns is-layout-flex wp-container-core-columns-is-layout-28f84493 wp-block-columns-is-layout-flex\">\n<div class=\"wp-block-column is-layout-flow wp-block-column-is-layout-flow\" style=\"flex-basis:33.33%\">\n<p><br><strong>Ehrenvorsitzender<\/strong><\/p>\n\n\n\n<figure class=\"wp-block-image size-full\"><img loading=\"lazy\" decoding=\"async\" width=\"460\" height=\"650\" src=\"https:\/\/vorgebirgsmusikanten.de\/wp-content\/uploads\/2025\/01\/PeterVanDenBerg.jpg\" alt=\"\" class=\"wp-image-1288\" srcset=\"https:\/\/vorgebirgsmusikanten.de\/wp-content\/uploads\/2025\/01\/PeterVanDenBerg.jpg 460w, https:\/\/vorgebirgsmusikanten.de\/wp-content\/uploads\/2025\/01\/PeterVanDenBerg-212x300.jpg 212w, https:\/\/vorgebirgsmusikanten.de\/wp-content\/uploads\/2025\/01\/PeterVanDenBerg-106x150.jpg 106w\" sizes=\"auto, (max-width: 460px) 100vw, 460px\" \/><\/figure>\n<\/div>\n\n\n\n<div class=\"wp-block-column is-vertically-aligned-bottom is-layout-flow wp-block-column-is-layout-flow\" style=\"flex-basis:66.66%\">\n<p>Peter van den Berg<br>Stationenweg 9<br>53332 Bornheim<br>Tel. 0 22 22 \/ 59 29&nbsp;<br><a href=\"mailto:vandenberg@vorgebirgsmusikanten.de\">eMail<\/a> <\/p>\n<\/div>\n<\/div>\n\n\n\n<div class=\"wp-block-columns is-layout-flex wp-container-core-columns-is-layout-28f84493 wp-block-columns-is-layout-flex\">\n<div class=\"wp-block-column is-layout-flow wp-block-column-is-layout-flow\" style=\"flex-basis:33.33%\">\n<p><br><strong>Beisitzer<\/strong><\/p>\n\n\n\n<figure class=\"wp-block-image size-full\"><img loading=\"lazy\" decoding=\"async\" width=\"460\" height=\"650\" src=\"https:\/\/vorgebirgsmusikanten.de\/wp-content\/uploads\/2025\/01\/GuenterGrahn.jpg\" alt=\"\" class=\"wp-image-1284\" srcset=\"https:\/\/vorgebirgsmusikanten.de\/wp-content\/uploads\/2025\/01\/GuenterGrahn.jpg 460w, https:\/\/vorgebirgsmusikanten.de\/wp-content\/uploads\/2025\/01\/GuenterGrahn-212x300.jpg 212w, https:\/\/vorgebirgsmusikanten.de\/wp-content\/uploads\/2025\/01\/GuenterGrahn-106x150.jpg 106w\" sizes=\"auto, (max-width: 460px) 100vw, 460px\" \/><\/figure>\n<\/div>\n\n\n\n<div class=\"wp-block-column is-vertically-aligned-bottom is-layout-flow wp-block-column-is-layout-flow\" style=\"flex-basis:66.66%\">\n<p>G\u00fcnter Grahn<br>Grubenstra\u00dfe 60<br>50321 Br\u00fchl<br>Tel. 0 22 32 \/ 2 32 69<\/p>\n<\/div>\n<\/div>\n","protected":false},"excerpt":{"rendered":"<p>Die Kontaktdaten der Mitglieder des Vorstands der Bornheimer Vorgebirgsmusikanten 1984 e.V. finden Sie hier.<\/p>\n","protected":false},"author":1,"featured_media":1277,"parent":0,"menu_order":0,"comment_status":"closed","ping_status":"closed","template":"","meta":{"footnotes":""},"class_list":["post-58","page","type-page","status-publish","has-post-thumbnail","hentry"],"yoast_head":"<!-- This site is optimized with the Yoast SEO plugin v27.3 - https:\/\/yoast.com\/product\/yoast-seo-wordpress\/ -->\n<title>Die Mitglieder des Vorstands &#8211; Bornheimer Vorgebirgsmusikanten<\/title>\n<meta name=\"robots\" content=\"index, follow, max-snippet:-1, max-image-preview:large, max-video-preview:-1\" \/>\n<link rel=\"canonical\" href=\"https:\/\/vorgebirgsmusikanten.de\/?page_id=58\" \/>\n<meta property=\"og:locale\" content=\"de_DE\" \/>\n<meta property=\"og:type\" content=\"article\" \/>\n<meta property=\"og:title\" content=\"Die Mitglieder des Vorstands &#8211; Bornheimer Vorgebirgsmusikanten\" \/>\n<meta property=\"og:description\" content=\"Die Kontaktdaten der Mitglieder des Vorstands der Bornheimer Vorgebirgsmusikanten 1984 e.V. finden Sie hier.\" \/>\n<meta property=\"og:url\" content=\"https:\/\/vorgebirgsmusikanten.de\/?page_id=58\" \/>\n<meta property=\"og:site_name\" content=\"Bornheimer Vorgebirgsmusikanten\" \/>\n<meta property=\"article:publisher\" content=\"https:\/\/www.facebook.com\/Bornheimer-Vorgebirgsmusikanten-130543853651924\/\" \/>\n<meta property=\"article:modified_time\" content=\"2025-04-29T22:42:45+00:00\" \/>\n<meta property=\"og:image\" content=\"https:\/\/vorgebirgsmusikanten.de\/wp-content\/uploads\/2025\/01\/Vorstand2024-scaled-e1735767598779.jpg\" \/>\n\t<meta property=\"og:image:width\" content=\"2560\" \/>\n\t<meta property=\"og:image:height\" content=\"666\" \/>\n\t<meta property=\"og:image:type\" content=\"image\/jpeg\" \/>\n<meta name=\"twitter:card\" content=\"summary_large_image\" \/>\n<meta name=\"twitter:label1\" content=\"Gesch\u00e4tzte Lesezeit\" \/>\n\t<meta name=\"twitter:data1\" content=\"4\u00a0Minuten\" \/>\n<script type=\"application\/ld+json\" class=\"yoast-schema-graph\">{\"@context\":\"https:\\\/\\\/schema.org\",\"@graph\":[{\"@type\":\"WebPage\",\"@id\":\"https:\\\/\\\/vorgebirgsmusikanten.de\\\/?page_id=58\",\"url\":\"https:\\\/\\\/vorgebirgsmusikanten.de\\\/?page_id=58\",\"name\":\"Die Mitglieder des Vorstands &#8211; Bornheimer Vorgebirgsmusikanten\",\"isPartOf\":{\"@id\":\"https:\\\/\\\/vorgebirgsmusikanten.de\\\/#website\"},\"primaryImageOfPage\":{\"@id\":\"https:\\\/\\\/vorgebirgsmusikanten.de\\\/?page_id=58#primaryimage\"},\"image\":{\"@id\":\"https:\\\/\\\/vorgebirgsmusikanten.de\\\/?page_id=58#primaryimage\"},\"thumbnailUrl\":\"https:\\\/\\\/vorgebirgsmusikanten.de\\\/wp-content\\\/uploads\\\/2025\\\/01\\\/Vorstand2024-scaled-e1735767598779.jpg\",\"datePublished\":\"2021-10-27T08:03:01+00:00\",\"dateModified\":\"2025-04-29T22:42:45+00:00\",\"breadcrumb\":{\"@id\":\"https:\\\/\\\/vorgebirgsmusikanten.de\\\/?page_id=58#breadcrumb\"},\"inLanguage\":\"de\",\"potentialAction\":[{\"@type\":\"ReadAction\",\"target\":[\"https:\\\/\\\/vorgebirgsmusikanten.de\\\/?page_id=58\"]}]},{\"@type\":\"ImageObject\",\"inLanguage\":\"de\",\"@id\":\"https:\\\/\\\/vorgebirgsmusikanten.de\\\/?page_id=58#primaryimage\",\"url\":\"https:\\\/\\\/vorgebirgsmusikanten.de\\\/wp-content\\\/uploads\\\/2025\\\/01\\\/Vorstand2024-scaled-e1735767598779.jpg\",\"contentUrl\":\"https:\\\/\\\/vorgebirgsmusikanten.de\\\/wp-content\\\/uploads\\\/2025\\\/01\\\/Vorstand2024-scaled-e1735767598779.jpg\",\"width\":2560,\"height\":666},{\"@type\":\"BreadcrumbList\",\"@id\":\"https:\\\/\\\/vorgebirgsmusikanten.de\\\/?page_id=58#breadcrumb\",\"itemListElement\":[{\"@type\":\"ListItem\",\"position\":1,\"name\":\"Startseite\",\"item\":\"https:\\\/\\\/vorgebirgsmusikanten.de\\\/\"},{\"@type\":\"ListItem\",\"position\":2,\"name\":\"Die Mitglieder des Vorstands\"}]},{\"@type\":\"WebSite\",\"@id\":\"https:\\\/\\\/vorgebirgsmusikanten.de\\\/#website\",\"url\":\"https:\\\/\\\/vorgebirgsmusikanten.de\\\/\",\"name\":\"Bornheimer Vorgebirgsmusikanten\",\"description\":\"Beste Unterhaltung seit 1984\",\"publisher\":{\"@id\":\"https:\\\/\\\/vorgebirgsmusikanten.de\\\/#organization\"},\"potentialAction\":[{\"@type\":\"SearchAction\",\"target\":{\"@type\":\"EntryPoint\",\"urlTemplate\":\"https:\\\/\\\/vorgebirgsmusikanten.de\\\/?s={search_term_string}\"},\"query-input\":{\"@type\":\"PropertyValueSpecification\",\"valueRequired\":true,\"valueName\":\"search_term_string\"}}],\"inLanguage\":\"de\"},{\"@type\":\"Organization\",\"@id\":\"https:\\\/\\\/vorgebirgsmusikanten.de\\\/#organization\",\"name\":\"Bornheimer Vorgebirgsmusikanten 1984 e.V.\",\"url\":\"https:\\\/\\\/vorgebirgsmusikanten.de\\\/\",\"logo\":{\"@type\":\"ImageObject\",\"inLanguage\":\"de\",\"@id\":\"https:\\\/\\\/vorgebirgsmusikanten.de\\\/#\\\/schema\\\/logo\\\/image\\\/\",\"url\":\"https:\\\/\\\/vorgebirgsmusikanten.de\\\/wp-content\\\/uploads\\\/2021\\\/11\\\/bvm-logo.gif\",\"contentUrl\":\"https:\\\/\\\/vorgebirgsmusikanten.de\\\/wp-content\\\/uploads\\\/2021\\\/11\\\/bvm-logo.gif\",\"width\":205,\"height\":277,\"caption\":\"Bornheimer Vorgebirgsmusikanten 1984 e.V.\"},\"image\":{\"@id\":\"https:\\\/\\\/vorgebirgsmusikanten.de\\\/#\\\/schema\\\/logo\\\/image\\\/\"},\"sameAs\":[\"https:\\\/\\\/www.facebook.com\\\/Bornheimer-Vorgebirgsmusikanten-130543853651924\\\/\",\"https:\\\/\\\/instagram.com\\\/vorgebirgsmusikanten\"]}]}<\/script>\n<!-- \/ Yoast SEO plugin. -->","yoast_head_json":{"title":"Die Mitglieder des Vorstands &#8211; Bornheimer Vorgebirgsmusikanten","robots":{"index":"index","follow":"follow","max-snippet":"max-snippet:-1","max-image-preview":"max-image-preview:large","max-video-preview":"max-video-preview:-1"},"canonical":"https:\/\/vorgebirgsmusikanten.de\/?page_id=58","og_locale":"de_DE","og_type":"article","og_title":"Die Mitglieder des Vorstands &#8211; Bornheimer Vorgebirgsmusikanten","og_description":"Die Kontaktdaten der Mitglieder des Vorstands der Bornheimer Vorgebirgsmusikanten 1984 e.V. finden Sie hier.","og_url":"https:\/\/vorgebirgsmusikanten.de\/?page_id=58","og_site_name":"Bornheimer Vorgebirgsmusikanten","article_publisher":"https:\/\/www.facebook.com\/Bornheimer-Vorgebirgsmusikanten-130543853651924\/","article_modified_time":"2025-04-29T22:42:45+00:00","og_image":[{"width":2560,"height":666,"url":"https:\/\/vorgebirgsmusikanten.de\/wp-content\/uploads\/2025\/01\/Vorstand2024-scaled-e1735767598779.jpg","type":"image\/jpeg"}],"twitter_card":"summary_large_image","twitter_misc":{"Gesch\u00e4tzte Lesezeit":"4\u00a0Minuten"},"schema":{"@context":"https:\/\/schema.org","@graph":[{"@type":"WebPage","@id":"https:\/\/vorgebirgsmusikanten.de\/?page_id=58","url":"https:\/\/vorgebirgsmusikanten.de\/?page_id=58","name":"Die Mitglieder des Vorstands &#8211; Bornheimer Vorgebirgsmusikanten","isPartOf":{"@id":"https:\/\/vorgebirgsmusikanten.de\/#website"},"primaryImageOfPage":{"@id":"https:\/\/vorgebirgsmusikanten.de\/?page_id=58#primaryimage"},"image":{"@id":"https:\/\/vorgebirgsmusikanten.de\/?page_id=58#primaryimage"},"thumbnailUrl":"https:\/\/vorgebirgsmusikanten.de\/wp-content\/uploads\/2025\/01\/Vorstand2024-scaled-e1735767598779.jpg","datePublished":"2021-10-27T08:03:01+00:00","dateModified":"2025-04-29T22:42:45+00:00","breadcrumb":{"@id":"https:\/\/vorgebirgsmusikanten.de\/?page_id=58#breadcrumb"},"inLanguage":"de","potentialAction":[{"@type":"ReadAction","target":["https:\/\/vorgebirgsmusikanten.de\/?page_id=58"]}]},{"@type":"ImageObject","inLanguage":"de","@id":"https:\/\/vorgebirgsmusikanten.de\/?page_id=58#primaryimage","url":"https:\/\/vorgebirgsmusikanten.de\/wp-content\/uploads\/2025\/01\/Vorstand2024-scaled-e1735767598779.jpg","contentUrl":"https:\/\/vorgebirgsmusikanten.de\/wp-content\/uploads\/2025\/01\/Vorstand2024-scaled-e1735767598779.jpg","width":2560,"height":666},{"@type":"BreadcrumbList","@id":"https:\/\/vorgebirgsmusikanten.de\/?page_id=58#breadcrumb","itemListElement":[{"@type":"ListItem","position":1,"name":"Startseite","item":"https:\/\/vorgebirgsmusikanten.de\/"},{"@type":"ListItem","position":2,"name":"Die Mitglieder des Vorstands"}]},{"@type":"WebSite","@id":"https:\/\/vorgebirgsmusikanten.de\/#website","url":"https:\/\/vorgebirgsmusikanten.de\/","name":"Bornheimer Vorgebirgsmusikanten","description":"Beste Unterhaltung seit 1984","publisher":{"@id":"https:\/\/vorgebirgsmusikanten.de\/#organization"},"potentialAction":[{"@type":"SearchAction","target":{"@type":"EntryPoint","urlTemplate":"https:\/\/vorgebirgsmusikanten.de\/?s={search_term_string}"},"query-input":{"@type":"PropertyValueSpecification","valueRequired":true,"valueName":"search_term_string"}}],"inLanguage":"de"},{"@type":"Organization","@id":"https:\/\/vorgebirgsmusikanten.de\/#organization","name":"Bornheimer Vorgebirgsmusikanten 1984 e.V.","url":"https:\/\/vorgebirgsmusikanten.de\/","logo":{"@type":"ImageObject","inLanguage":"de","@id":"https:\/\/vorgebirgsmusikanten.de\/#\/schema\/logo\/image\/","url":"https:\/\/vorgebirgsmusikanten.de\/wp-content\/uploads\/2021\/11\/bvm-logo.gif","contentUrl":"https:\/\/vorgebirgsmusikanten.de\/wp-content\/uploads\/2021\/11\/bvm-logo.gif","width":205,"height":277,"caption":"Bornheimer Vorgebirgsmusikanten 1984 e.V."},"image":{"@id":"https:\/\/vorgebirgsmusikanten.de\/#\/schema\/logo\/image\/"},"sameAs":["https:\/\/www.facebook.com\/Bornheimer-Vorgebirgsmusikanten-130543853651924\/","https:\/\/instagram.com\/vorgebirgsmusikanten"]}]}},"_links":{"self":[{"href":"https:\/\/vorgebirgsmusikanten.de\/index.php?rest_route=\/wp\/v2\/pages\/58","targetHints":{"allow":["GET"]}}],"collection":[{"href":"https:\/\/vorgebirgsmusikanten.de\/index.php?rest_route=\/wp\/v2\/pages"}],"about":[{"href":"https:\/\/vorgebirgsmusikanten.de\/index.php?rest_route=\/wp\/v2\/types\/page"}],"author":[{"embeddable":true,"href":"https:\/\/vorgebirgsmusikanten.de\/index.php?rest_route=\/wp\/v2\/users\/1"}],"replies":[{"embeddable":true,"href":"https:\/\/vorgebirgsmusikanten.de\/index.php?rest_route=%2Fwp%2Fv2%2Fcomments&post=58"}],"version-history":[{"count":39,"href":"https:\/\/vorgebirgsmusikanten.de\/index.php?rest_route=\/wp\/v2\/pages\/58\/revisions"}],"predecessor-version":[{"id":1294,"href":"https:\/\/vorgebirgsmusikanten.de\/index.php?rest_route=\/wp\/v2\/pages\/58\/revisions\/1294"}],"wp:featuredmedia":[{"embeddable":true,"href":"https:\/\/vorgebirgsmusikanten.de\/index.php?rest_route=\/wp\/v2\/media\/1277"}],"wp:attachment":[{"href":"https:\/\/vorgebirgsmusikanten.de\/index.php?rest_route=%2Fwp%2Fv2%2Fmedia&parent=58"}],"curies":[{"name":"wp","href":"https:\/\/api.w.org\/{rel}","templated":true}]}}